{"id":29104,"date":"2026-05-04T11:13:08","date_gmt":"2026-05-04T09:13:08","guid":{"rendered":"http:\/\/crackyshell.com\/fr_fr\/filiales\/"},"modified":"2026-05-04T11:13:08","modified_gmt":"2026-05-04T09:13:08","slug":"filiales","status":"publish","type":"page","link":"https:\/\/crackyshell.com\/en\/filiales\/","title":{"rendered":"Filiales du Groupe CRKS"},"content":{"rendered":"<p>Les filiales du Groupe CRKS sont pr\u00e9sent\u00e9es sur des pages d\u00e9di\u00e9es depuis le site de CrackyShell Holding Ltd.<\/p>","protected":false},"excerpt":{"rendered":"<p>Les filiales du Groupe CRKS sont pr\u00e9sent\u00e9es sur des pages d\u00e9di\u00e9es depuis le site de CrackyShell Holding Ltd.<\/p>","protected":false},"author":0,"featured_media":0,"parent":0,"menu_order":0,"comment_status":"closed","ping_status":"closed","template":"","meta":{"_monsterinsights_skip_tracking":false,"_monsterinsights_sitenote_active":false,"_monsterinsights_sitenote_note":"","_monsterinsights_sitenote_category":0,"footnotes":""},"class_list":["post-29104","page","type-page","status-publish","hentry"],"_links":{"self":[{"href":"https:\/\/crackyshell.com\/en\/wp-json\/wp\/v2\/pages\/29104","targetHints":{"allow":["GET"]}}],"collection":[{"href":"https:\/\/crackyshell.com\/en\/wp-json\/wp\/v2\/pages"}],"about":[{"href":"https:\/\/crackyshell.com\/en\/wp-json\/wp\/v2\/types\/page"}],"replies":[{"embeddable":true,"href":"https:\/\/crackyshell.com\/en\/wp-json\/wp\/v2\/comments?post=29104"}],"version-history":[{"count":0,"href":"https:\/\/crackyshell.com\/en\/wp-json\/wp\/v2\/pages\/29104\/revisions"}],"wp:attachment":[{"href":"https:\/\/crackyshell.com\/en\/wp-json\/wp\/v2\/media?parent=29104"}],"curies":[{"name":"wp","href":"https:\/\/api.w.org\/{rel}","templated":true}]}}