{"id":28843,"date":"2022-10-31T12:17:24","date_gmt":"2022-10-31T11:17:24","guid":{"rendered":"https:\/\/crackyshell.com\/?page_id=28843"},"modified":"2024-08-08T16:12:00","modified_gmt":"2024-08-08T14:12:00","slug":"accueil","status":"publish","type":"page","link":"https:\/\/crackyshell.com\/fr_fr\/","title":{"rendered":"Accueil"},"content":{"rendered":"\t\t<div data-elementor-type=\"wp-page\" data-elementor-id=\"28843\" class=\"elementor elementor-28843\" data-elementor-post-type=\"page\">\n\t\t\t\t\t\t<section data-particle_enable=\"false\" data-particle-mobile-disabled=\"false\" class=\"elementor-section elementor-top-section elementor-element elementor-element-5a9093d4 elementor-section-boxed elementor-section-height-default elementor-section-height-default\" data-id=\"5a9093d4\" data-element_type=\"section\" data-e-type=\"section\">\n\t\t\t\t\t\t<div class=\"elementor-container elementor-column-gap-default\">\n\t\t\t\t\t<div class=\"elementor-column elementor-col-100 elementor-top-column elementor-element elementor-element-7e7b091e\" data-id=\"7e7b091e\" data-element_type=\"column\" data-e-type=\"column\">\n\t\t\t<div class=\"elementor-widget-wrap elementor-element-populated\">\n\t\t\t\t\t\t<div class=\"elementor-element elementor-element-cdd6e37 elementor-widget elementor-widget-text-editor\" data-id=\"cdd6e37\" data-element_type=\"widget\" data-e-type=\"widget\" data-widget_type=\"text-editor.default\">\n\t\t\t\t<div class=\"elementor-widget-container\">\n\t\t\t\t\t\t\t\t\t\t\t\t\t\t\t\t\t<\/div>\n\t\t\t\t<\/div>\n\t\t\t\t\t<\/div>\n\t\t<\/div>\n\t\t\t\t\t<\/div>\n\t\t<\/section>\n\t\t\t\t<section data-particle_enable=\"false\" data-particle-mobile-disabled=\"false\" class=\"elementor-section elementor-top-section elementor-element elementor-element-9f24081 elementor-section-boxed elementor-section-height-default elementor-section-height-default\" data-id=\"9f24081\" data-element_type=\"section\" data-e-type=\"section\">\n\t\t\t\t\t\t<div class=\"elementor-container elementor-column-gap-default\">\n\t\t\t\t\t<div class=\"elementor-column elementor-col-100 elementor-top-column elementor-element elementor-element-8128e45\" data-id=\"8128e45\" data-element_type=\"column\" data-e-type=\"column\">\n\t\t\t<div class=\"elementor-widget-wrap elementor-element-populated\">\n\t\t\t\t\t\t<div class=\"elementor-element elementor-element-79f41be elementor-widget elementor-widget-text-editor\" data-id=\"79f41be\" data-element_type=\"widget\" data-e-type=\"widget\" data-widget_type=\"text-editor.default\">\n\t\t\t\t<div class=\"elementor-widget-container\">\n\t\t\t\t\t\t\t\t\t<p>Bienvenue sur le site de CrackyShell Holding Ltd, une soci\u00e9t\u00e9 holding luxembourgeoise qui d\u00e9tient des participations dans plusieurs entreprises.<\/p>\n<p>En tant que soci\u00e9t\u00e9 holding, notre r\u00f4le est de fournir un soutien administratif et financier \u00e0 nos filiales, en veillant \u00e0 ce qu&rsquo;elles disposent des ressources n\u00e9cessaires pour offrir des services de haute qualit\u00e9 \u00e0 leurs clients. Nous sommes fiers de jouer ce r\u00f4le de soutien, qui permet \u00e0 nos filiales de se concentrer sur leur expertise et de fournir des services de pointe dans leur domaine.<\/p>\n<p>Notre engagement envers l&rsquo;excellence et la qualit\u00e9 nous permet de travailler avec des entreprises de toutes tailles pour fournir des solutions de s\u00e9curit\u00e9 personnalis\u00e9es et des technologies de pointe qui r\u00e9pondent aux besoins complexes d&rsquo;aujourd&rsquo;hui.<\/p>\n<p>Nous sommes convaincus que notre exp\u00e9rience, notre expertise et notre engagement envers la satisfaction de nos filiales font de CrackyShell Holding Ltd une entreprise de choix pour r\u00e9pondre \u00e0 tous vos besoins en mati\u00e8re de soutien administratif et financier.<\/p>\n<p>Nous esp\u00e9rons que notre site web fournira des informations utiles aux parties int\u00e9ress\u00e9es et leur donnera une meilleure compr\u00e9hension de notre entreprise en tant que soci\u00e9t\u00e9 holding et de notre r\u00f4le dans l&rsquo;\u00e9cosyst\u00e8me des entreprises que nous d\u00e9tenons.<\/p>\t\t\t\t\t\t\t\t<\/div>\n\t\t\t\t<\/div>\n\t\t\t\t\t<\/div>\n\t\t<\/div>\n\t\t\t\t\t<\/div>\n\t\t<\/section>\n\t\t\t\t<\/div>\n\t\t","protected":false},"excerpt":{"rendered":"<p>Bienvenue sur le site de CrackyShell Holding Ltd, une soci\u00e9t\u00e9 holding luxembourgeoise qui d\u00e9tient des participations dans plusieurs entreprises. En tant que soci\u00e9t\u00e9 holding, notre r\u00f4le est de fournir un soutien administratif et financier \u00e0 nos filiales, en veillant \u00e0 ce qu&rsquo;elles disposent des ressources n\u00e9cessaires pour offrir des services de haute qualit\u00e9 \u00e0 leurs [&hellip;]<\/p>\n","protected":false},"author":1,"featured_media":29052,"parent":0,"menu_order":0,"comment_status":"closed","ping_status":"closed","template":"elementor_theme","meta":{"_monsterinsights_skip_tracking":false,"_monsterinsights_sitenote_active":false,"_monsterinsights_sitenote_note":"","_monsterinsights_sitenote_category":0,"ocean_post_layout":"","ocean_both_sidebars_style":"","ocean_both_sidebars_content_width":0,"ocean_both_sidebars_sidebars_width":0,"ocean_sidebar":"","ocean_second_sidebar":"","ocean_disable_margins":"enable","ocean_add_body_class":"","ocean_shortcode_before_top_bar":"","ocean_shortcode_after_top_bar":"","ocean_shortcode_before_header":"","ocean_shortcode_after_header":"","ocean_has_shortcode":"","ocean_shortcode_after_title":"","ocean_shortcode_before_footer_widgets":"","ocean_shortcode_after_footer_widgets":"","ocean_shortcode_before_footer_bottom":"","ocean_shortcode_after_footer_bottom":"","ocean_display_top_bar":"default","ocean_display_header":"default","ocean_header_style":"","ocean_center_header_left_menu":"","ocean_custom_header_template":"","ocean_custom_logo":0,"ocean_custom_retina_logo":0,"ocean_custom_logo_max_width":0,"ocean_custom_logo_tablet_max_width":0,"ocean_custom_logo_mobile_max_width":0,"ocean_custom_logo_max_height":0,"ocean_custom_logo_tablet_max_height":0,"ocean_custom_logo_mobile_max_height":0,"ocean_header_custom_menu":"","ocean_menu_typo_font_family":"","ocean_menu_typo_font_subset":"","ocean_menu_typo_font_size":0,"ocean_menu_typo_font_size_tablet":0,"ocean_menu_typo_font_size_mobile":0,"ocean_menu_typo_font_size_unit":"px","ocean_menu_typo_font_weight":"","ocean_menu_typo_font_weight_tablet":"","ocean_menu_typo_font_weight_mobile":"","ocean_menu_typo_transform":"","ocean_menu_typo_transform_tablet":"","ocean_menu_typo_transform_mobile":"","ocean_menu_typo_line_height":0,"ocean_menu_typo_line_height_tablet":0,"ocean_menu_typo_line_height_mobile":0,"ocean_menu_typo_line_height_unit":"","ocean_menu_typo_spacing":0,"ocean_menu_typo_spacing_tablet":0,"ocean_menu_typo_spacing_mobile":0,"ocean_menu_typo_spacing_unit":"","ocean_menu_link_color":"","ocean_menu_link_color_hover":"","ocean_menu_link_color_active":"","ocean_menu_link_background":"","ocean_menu_link_hover_background":"","ocean_menu_link_active_background":"","ocean_menu_social_links_bg":"","ocean_menu_social_hover_links_bg":"","ocean_menu_social_links_color":"","ocean_menu_social_hover_links_color":"","ocean_disable_title":"default","ocean_disable_heading":"default","ocean_post_title":"","ocean_post_subheading":"","ocean_post_title_style":"","ocean_post_title_background_color":"","ocean_post_title_background":0,"ocean_post_title_bg_image_position":"","ocean_post_title_bg_image_attachment":"","ocean_post_title_bg_image_repeat":"","ocean_post_title_bg_image_size":"","ocean_post_title_height":0,"ocean_post_title_bg_overlay":0.5,"ocean_post_title_bg_overlay_color":"","ocean_disable_breadcrumbs":"default","ocean_breadcrumbs_color":"","ocean_breadcrumbs_separator_color":"","ocean_breadcrumbs_links_color":"","ocean_breadcrumbs_links_hover_color":"","ocean_display_footer_widgets":"default","ocean_display_footer_bottom":"default","ocean_custom_footer_template":"","footnotes":""},"class_list":["post-28843","page","type-page","status-publish","has-post-thumbnail","hentry","entry","has-media"],"_links":{"self":[{"href":"https:\/\/crackyshell.com\/fr_fr\/wp-json\/wp\/v2\/pages\/28843","targetHints":{"allow":["GET"]}}],"collection":[{"href":"https:\/\/crackyshell.com\/fr_fr\/wp-json\/wp\/v2\/pages"}],"about":[{"href":"https:\/\/crackyshell.com\/fr_fr\/wp-json\/wp\/v2\/types\/page"}],"author":[{"embeddable":true,"href":"https:\/\/crackyshell.com\/fr_fr\/wp-json\/wp\/v2\/users\/1"}],"replies":[{"embeddable":true,"href":"https:\/\/crackyshell.com\/fr_fr\/wp-json\/wp\/v2\/comments?post=28843"}],"version-history":[{"count":0,"href":"https:\/\/crackyshell.com\/fr_fr\/wp-json\/wp\/v2\/pages\/28843\/revisions"}],"wp:featuredmedia":[{"embeddable":true,"href":"https:\/\/crackyshell.com\/fr_fr\/wp-json\/wp\/v2\/media\/29052"}],"wp:attachment":[{"href":"https:\/\/crackyshell.com\/fr_fr\/wp-json\/wp\/v2\/media?parent=28843"}],"curies":[{"name":"wp","href":"https:\/\/api.w.org\/{rel}","templated":true}]}}